{"id":3343,"date":"2021-10-25T14:19:53","date_gmt":"2021-10-25T14:19:53","guid":{"rendered":"https:\/\/mem001memoves.hattenbergerpartner.de\/homepage\/"},"modified":"2026-02-02T13:12:57","modified_gmt":"2026-02-02T13:12:57","slug":"homepage","status":"publish","type":"page","link":"https:\/\/memoves.de\/en\/","title":{"rendered":"Homepage"},"content":{"rendered":"<section class=\"header-image relative bg-gray-900 h-90vh text-text-default py-4 md:py-36 xl:py-0 overflow-x-hidden\">\n            <div class=\"header-bg absolute top-0 h-full w-full  \"> \n            <div class=\"linear-background absolute h-full w-full\"><\/div>\n        <img loading=\"lazy\" decoding=\"async\" width=\"2560\" height=\"1707\" src=\"https:\/\/memoves.de\/wp-content\/uploads\/2024\/04\/MeMoves-149-scaled.jpg\" class=\"h-full w-full object-cover z-0\" alt=\"\" srcset=\"https:\/\/memoves.de\/wp-content\/uploads\/2024\/04\/MeMoves-149-scaled.jpg 2560w, https:\/\/memoves.de\/wp-content\/uploads\/2024\/04\/MeMoves-149-300x200.jpg 300w, https:\/\/memoves.de\/wp-content\/uploads\/2024\/04\/MeMoves-149-1024x683.jpg 1024w, https:\/\/memoves.de\/wp-content\/uploads\/2024\/04\/MeMoves-149-768x512.jpg 768w, https:\/\/memoves.de\/wp-content\/uploads\/2024\/04\/MeMoves-149-1536x1024.jpg 1536w, https:\/\/memoves.de\/wp-content\/uploads\/2024\/04\/MeMoves-149-2048x1365.jpg 2048w, https:\/\/memoves.de\/wp-content\/uploads\/2024\/04\/MeMoves-149-1900x1267.jpg 1900w, https:\/\/memoves.de\/wp-content\/uploads\/2024\/04\/MeMoves-149-1240x827.jpg 1240w, https:\/\/memoves.de\/wp-content\/uploads\/2024\/04\/MeMoves-149-600x400.jpg 600w\" sizes=\"auto, (max-width: 2560px) 100vw, 2560px\" \/>        <\/div>     <div class=\"frame-videos absolute border-primary border-8 h-4\/5 top-4 md:top-8\">\n        <!-- <div class=\"video-container\"> -->\n            <div class=\"video-box swiper-container sm:hidden\">\n                <div class=\"videos swiper-wrapper\">\n                                        <div class=\"video-slide\">\n                        <video width=\"full\" height=\"full\" autoplay muted loop>\n                            <source src=\"https:\/\/memoves.de\/wp-content\/uploads\/2024\/03\/ballett_training-1_1_1.mp4\" type=\"video\/mp4\">\n                        <\/video>\n                    <\/div>\n                                        <div class=\"video-slide\">\n                        <video width=\"full\" height=\"full\" autoplay muted loop>\n                            <source src=\"https:\/\/memoves.de\/wp-content\/uploads\/2026\/02\/show_kleine-schwaene_kreis.mp4\" type=\"video\/mp4\">\n                        <\/video>\n                    <\/div>\n                                        <div class=\"video-slide\">\n                        <video width=\"full\" height=\"full\" autoplay muted loop>\n                            <source src=\"https:\/\/memoves.de\/wp-content\/uploads\/2024\/03\/show_teens_streetstyles-1_1.mp4\" type=\"video\/mp4\">\n                        <\/video>\n                    <\/div>\n                                    <\/div>\n            <\/div>\n            <div class=\"video-box max-sm:hidden\">\n                <div class=\"videos static\">\n                                        <div class=\"video-slide\">\n                        <video width=\"full\" height=\"full\" autoplay muted loop>\n                            <source src=\"https:\/\/memoves.de\/wp-content\/uploads\/2024\/03\/ballett_training-1_1_1.mp4\" type=\"video\/mp4\">\n                        <\/video>\n                    <\/div>\n                                        <div class=\"video-slide\">\n                        <video width=\"full\" height=\"full\" autoplay muted loop>\n                            <source src=\"https:\/\/memoves.de\/wp-content\/uploads\/2026\/02\/show_kleine-schwaene_kreis.mp4\" type=\"video\/mp4\">\n                        <\/video>\n                    <\/div>\n                                        <div class=\"video-slide\">\n                        <video width=\"full\" height=\"full\" autoplay muted loop>\n                            <source src=\"https:\/\/memoves.de\/wp-content\/uploads\/2024\/03\/show_teens_streetstyles-1_1.mp4\" type=\"video\/mp4\">\n                        <\/video>\n                    <\/div>\n                                    <\/div>\n            <\/div>\n        <!-- <\/div> -->\n    <\/div>\n    <div class=\"relative container px-9 pt-10 md:pt-14 lg:pt-20 mx-auto w-full flex flex-col z-10 gap-40 md:gap-10  items-center\">\n                    <h1 class=\"typo-h1-header w-full text-white font-semibold text-center\">Tanzen f\u00fcr Kids und Teens<\/h1>\n                <a target=\"\" href=\"https:\/\/memoves.de\/kursbuchung\/\" class=\"btn-primary fhd:!text-xl !leading-tight max-md:max-w-[190px] text-center\">\n            Direkt zur Kursbuchung        <\/a>\n            <\/div>\n<\/section>\n\n<section class=\"module-spacer bg-bg-default dark:!bg-dark pt-10 md:pt-14 xl:pt-20\">\n<\/section>\n\n<section class=\"text-image-module bg-bg-default text-text-default\">\n    <div class=\"dark:!text-white dark:!bg-dark\">\n        <div class=\"max-w-screen-xl px-xs   container py-md mx-auto text-image\">\n            <div class=\"typo-body mx-auto grid md:grid-cols-2 gap-x-10 align-left\">\n                <div class=\"text-image__image mb-0 order-1 mt-4 md:mt-8\"> <img loading=\"lazy\" decoding=\"async\" width=\"1024\" height=\"683\" src=\"https:\/\/memoves.de\/wp-content\/uploads\/2024\/01\/memoves_2023_02-33-min-1024x683.jpg\" class=\"z-10\" alt=\"\" srcset=\"https:\/\/memoves.de\/wp-content\/uploads\/2024\/01\/memoves_2023_02-33-min-1024x683.jpg 1024w, https:\/\/memoves.de\/wp-content\/uploads\/2024\/01\/memoves_2023_02-33-min-300x200.jpg 300w, https:\/\/memoves.de\/wp-content\/uploads\/2024\/01\/memoves_2023_02-33-min-768x512.jpg 768w, https:\/\/memoves.de\/wp-content\/uploads\/2024\/01\/memoves_2023_02-33-min-1536x1024.jpg 1536w, https:\/\/memoves.de\/wp-content\/uploads\/2024\/01\/memoves_2023_02-33-min-2048x1365.jpg 2048w, https:\/\/memoves.de\/wp-content\/uploads\/2024\/01\/memoves_2023_02-33-min-1900x1267.jpg 1900w, https:\/\/memoves.de\/wp-content\/uploads\/2024\/01\/memoves_2023_02-33-min-1240x827.jpg 1240w, https:\/\/memoves.de\/wp-content\/uploads\/2024\/01\/memoves_2023_02-33-min-600x400.jpg 600w\" sizes=\"auto, (max-width: 1024px) 100vw, 1024px\" \/>                                    <\/div>\n                <div class=\"text-image__col1 py-4 lg:py-10 flex flex-col justify-center left\">\n                    <div class='text-element align-left typo-body'><p>memoves &#8211; Tanzen f\u00fcr Kids und Teens &#8211; 4 Mal in und um M\u00fcnchen an unseren Standorten Westend, Nymphenburg, Schwabing und Unterhaching.<\/p>\n<p>Seit 2014 bringen wir Kinder und Jugendliche in Bewegung. Spezialisiert auf Kinder- und Jugendtanz bieten wir Unterricht f\u00fcr alle Tanzbegeisterten von 2 \u2013 14 Jahre an. Egal ob Ballett, Hip Hop, Jazz Dance, Akrobatik oder t\u00e4nzerische Fr\u00fcherziehung &#8211; bei uns bist du an der richtigen Adresse. Kunterbunte Accessoires wie T\u00fccher, Seifenblasen und vieles mehr bereichern unsere Kursstunden. Jede Stunde wird somit ein Highlight! Alle Kursteilnehmer \u2013 egal ob Semesterkurs, Tanz-AG oder Feriencamp \u2013 haben bei uns die M\u00f6glichkeit ihre neu erworbenen F\u00e4higkeiten bei einer Show zu pr\u00e4sentieren. Die Kost\u00fcmierung und Inszenierung wird dabei mit den Kindern gemeinsam erarbeitet.<\/p>\n<\/div>     \n                <\/div>\n                            <\/div>\n        <\/div>\n    <\/div>\n<\/section>\n\n<section class=\"module-spacer bg-bg-default dark:!bg-dark pt-10 md:pt-14 xl:pt-20\">\n<\/section>\n\n<section class=\"gallery-slider-module bg-bg-default\">\n  <div class=\"dark:!bg-dark dark:!text-white px-5 \">\n    <div data-loop=\"true\" data-spaces=\"\" class=\"gallery-slider__wrap relative py-md  \">\n        <div class=\"content-wrap mx-auto max-w-screen-2lg\">\n            <div class=\"content max-w-screen-md pb-14\">\n                                <div class=\"intro uppercase pb-5 typo-overline font-medium\">Showtime f\u00fcr alle<\/div>\n                                <h2 class=\"headline typo-h2 font-semibold\">Pr\u00e4sentiere deine Talente bei uns<\/h2>\n                            <\/div>\n        <\/div>\n        <div class=\"swiper-container\">\n                  <div class=\"w-full gallery-slider swiper-wrapper  \">\n                      <div class=\"gallery-slide swiper-slide style-1 \">\n              <div class=\"relative block gallery-slide__image\">\n                <img loading=\"lazy\" decoding=\"async\" width=\"768\" height=\"512\" src=\"https:\/\/memoves.de\/wp-content\/uploads\/2024\/01\/memoves_2023_02-11-768x512.jpg\" class=\"h-full w-full object-cover object-center\" alt=\"\" srcset=\"https:\/\/memoves.de\/wp-content\/uploads\/2024\/01\/memoves_2023_02-11-768x512.jpg 768w, https:\/\/memoves.de\/wp-content\/uploads\/2024\/01\/memoves_2023_02-11-300x200.jpg 300w, https:\/\/memoves.de\/wp-content\/uploads\/2024\/01\/memoves_2023_02-11-1024x683.jpg 1024w, https:\/\/memoves.de\/wp-content\/uploads\/2024\/01\/memoves_2023_02-11-1536x1024.jpg 1536w, https:\/\/memoves.de\/wp-content\/uploads\/2024\/01\/memoves_2023_02-11-2048x1366.jpg 2048w, https:\/\/memoves.de\/wp-content\/uploads\/2024\/01\/memoves_2023_02-11-1900x1267.jpg 1900w, https:\/\/memoves.de\/wp-content\/uploads\/2024\/01\/memoves_2023_02-11-1240x827.jpg 1240w, https:\/\/memoves.de\/wp-content\/uploads\/2024\/01\/memoves_2023_02-11-600x400.jpg 600w\" sizes=\"auto, (max-width: 768px) 100vw, 768px\" \/>                <div class=\"absolute top-0 left-0 w-full h-full pointer-events-none \"><\/div>\n              <\/div>   \n                          <\/div>\n                      <div class=\"gallery-slide swiper-slide style-2 \">\n              <div class=\"relative block gallery-slide__image\">\n                <img loading=\"lazy\" decoding=\"async\" width=\"768\" height=\"512\" src=\"https:\/\/memoves.de\/wp-content\/uploads\/2024\/01\/MeMoves-100-768x512.jpg\" class=\"h-full w-full object-cover object-center\" alt=\"\" srcset=\"https:\/\/memoves.de\/wp-content\/uploads\/2024\/01\/MeMoves-100-768x512.jpg 768w, https:\/\/memoves.de\/wp-content\/uploads\/2024\/01\/MeMoves-100-300x200.jpg 300w, https:\/\/memoves.de\/wp-content\/uploads\/2024\/01\/MeMoves-100-1024x683.jpg 1024w, https:\/\/memoves.de\/wp-content\/uploads\/2024\/01\/MeMoves-100-1536x1024.jpg 1536w, https:\/\/memoves.de\/wp-content\/uploads\/2024\/01\/MeMoves-100-2048x1365.jpg 2048w, https:\/\/memoves.de\/wp-content\/uploads\/2024\/01\/MeMoves-100-1900x1267.jpg 1900w, https:\/\/memoves.de\/wp-content\/uploads\/2024\/01\/MeMoves-100-1240x827.jpg 1240w, https:\/\/memoves.de\/wp-content\/uploads\/2024\/01\/MeMoves-100-600x400.jpg 600w\" sizes=\"auto, (max-width: 768px) 100vw, 768px\" \/>                <div class=\"absolute top-0 left-0 w-full h-full pointer-events-none \"><\/div>\n              <\/div>   \n                          <\/div>\n                      <div class=\"gallery-slide swiper-slide style-3 !flex !flex-col gap-1 sm:gap-5 double-slide\">\n              <div class=\"relative block gallery-slide__image\">\n                <img loading=\"lazy\" decoding=\"async\" width=\"768\" height=\"512\" src=\"https:\/\/memoves.de\/wp-content\/uploads\/2024\/01\/memoves_2023_02-54-min-768x512.jpg\" class=\"h-full w-full object-cover object-center\" alt=\"\" srcset=\"https:\/\/memoves.de\/wp-content\/uploads\/2024\/01\/memoves_2023_02-54-min-768x512.jpg 768w, https:\/\/memoves.de\/wp-content\/uploads\/2024\/01\/memoves_2023_02-54-min-300x200.jpg 300w, https:\/\/memoves.de\/wp-content\/uploads\/2024\/01\/memoves_2023_02-54-min-1024x683.jpg 1024w, https:\/\/memoves.de\/wp-content\/uploads\/2024\/01\/memoves_2023_02-54-min-1536x1024.jpg 1536w, https:\/\/memoves.de\/wp-content\/uploads\/2024\/01\/memoves_2023_02-54-min-2048x1365.jpg 2048w, https:\/\/memoves.de\/wp-content\/uploads\/2024\/01\/memoves_2023_02-54-min-1900x1267.jpg 1900w, https:\/\/memoves.de\/wp-content\/uploads\/2024\/01\/memoves_2023_02-54-min-1240x827.jpg 1240w, https:\/\/memoves.de\/wp-content\/uploads\/2024\/01\/memoves_2023_02-54-min-600x400.jpg 600w\" sizes=\"auto, (max-width: 768px) 100vw, 768px\" \/>                <div class=\"absolute top-0 left-0 w-full h-full pointer-events-none \"><\/div>\n              <\/div>   \n                            <div class=\"relative block gallery-slide__image\">\n                <img loading=\"lazy\" decoding=\"async\" width=\"768\" height=\"1151\" src=\"https:\/\/memoves.de\/wp-content\/uploads\/2024\/01\/MeMoves-83-768x1151.jpg\" class=\"h-full w-full object-cover object-center\" alt=\"\" srcset=\"https:\/\/memoves.de\/wp-content\/uploads\/2024\/01\/MeMoves-83-768x1151.jpg 768w, https:\/\/memoves.de\/wp-content\/uploads\/2024\/01\/MeMoves-83-200x300.jpg 200w, https:\/\/memoves.de\/wp-content\/uploads\/2024\/01\/MeMoves-83-683x1024.jpg 683w, https:\/\/memoves.de\/wp-content\/uploads\/2024\/01\/MeMoves-83-827x1240.jpg 827w, https:\/\/memoves.de\/wp-content\/uploads\/2024\/01\/MeMoves-83-600x899.jpg 600w, https:\/\/memoves.de\/wp-content\/uploads\/2024\/01\/MeMoves-83.jpg 922w\" sizes=\"auto, (max-width: 768px) 100vw, 768px\" \/>                <div class=\"absolute top-0 left-0 w-full h-full pointer-events-none \"><\/div>\n              <\/div>   \n                          <\/div>\n                      <div class=\"gallery-slide swiper-slide style-4 \">\n              <div class=\"relative block gallery-slide__image\">\n                <img loading=\"lazy\" decoding=\"async\" width=\"768\" height=\"512\" src=\"https:\/\/memoves.de\/wp-content\/uploads\/2024\/01\/memoves_2023_02-160-768x512.jpg\" class=\"h-full w-full object-cover object-center\" alt=\"\" srcset=\"https:\/\/memoves.de\/wp-content\/uploads\/2024\/01\/memoves_2023_02-160-768x512.jpg 768w, https:\/\/memoves.de\/wp-content\/uploads\/2024\/01\/memoves_2023_02-160-300x200.jpg 300w, https:\/\/memoves.de\/wp-content\/uploads\/2024\/01\/memoves_2023_02-160-1024x683.jpg 1024w, https:\/\/memoves.de\/wp-content\/uploads\/2024\/01\/memoves_2023_02-160-1536x1024.jpg 1536w, https:\/\/memoves.de\/wp-content\/uploads\/2024\/01\/memoves_2023_02-160-1240x827.jpg 1240w, https:\/\/memoves.de\/wp-content\/uploads\/2024\/01\/memoves_2023_02-160-600x400.jpg 600w, https:\/\/memoves.de\/wp-content\/uploads\/2024\/01\/memoves_2023_02-160.jpg 1611w\" sizes=\"auto, (max-width: 768px) 100vw, 768px\" \/>                <div class=\"absolute top-0 left-0 w-full h-full pointer-events-none \"><\/div>\n              <\/div>   \n                          <\/div>\n                      <div class=\"gallery-slide swiper-slide style-5 \">\n              <div class=\"relative block gallery-slide__image\">\n                <img loading=\"lazy\" decoding=\"async\" width=\"768\" height=\"512\" src=\"https:\/\/memoves.de\/wp-content\/uploads\/2024\/01\/MeMoves-193-768x512.jpg\" class=\"h-full w-full object-cover object-center\" alt=\"\" srcset=\"https:\/\/memoves.de\/wp-content\/uploads\/2024\/01\/MeMoves-193-768x512.jpg 768w, https:\/\/memoves.de\/wp-content\/uploads\/2024\/01\/MeMoves-193-300x200.jpg 300w, https:\/\/memoves.de\/wp-content\/uploads\/2024\/01\/MeMoves-193-1024x683.jpg 1024w, https:\/\/memoves.de\/wp-content\/uploads\/2024\/01\/MeMoves-193-1536x1024.jpg 1536w, https:\/\/memoves.de\/wp-content\/uploads\/2024\/01\/MeMoves-193-1240x827.jpg 1240w, https:\/\/memoves.de\/wp-content\/uploads\/2024\/01\/MeMoves-193-600x400.jpg 600w, https:\/\/memoves.de\/wp-content\/uploads\/2024\/01\/MeMoves-193.jpg 1800w\" sizes=\"auto, (max-width: 768px) 100vw, 768px\" \/>                <div class=\"absolute top-0 left-0 w-full h-full pointer-events-none \"><\/div>\n              <\/div>   \n                          <\/div>\n                      <div class=\"gallery-slide swiper-slide style-6 \">\n              <div class=\"relative block gallery-slide__image\">\n                <img loading=\"lazy\" decoding=\"async\" width=\"768\" height=\"1152\" src=\"https:\/\/memoves.de\/wp-content\/uploads\/2024\/01\/MeMoves-122-768x1152.jpg\" class=\"h-full w-full object-cover object-center\" alt=\"\" srcset=\"https:\/\/memoves.de\/wp-content\/uploads\/2024\/01\/MeMoves-122-768x1152.jpg 768w, https:\/\/memoves.de\/wp-content\/uploads\/2024\/01\/MeMoves-122-200x300.jpg 200w, https:\/\/memoves.de\/wp-content\/uploads\/2024\/01\/MeMoves-122-682x1024.jpg 682w, https:\/\/memoves.de\/wp-content\/uploads\/2024\/01\/MeMoves-122-1024x1536.jpg 1024w, https:\/\/memoves.de\/wp-content\/uploads\/2024\/01\/MeMoves-122-826x1240.jpg 826w, https:\/\/memoves.de\/wp-content\/uploads\/2024\/01\/MeMoves-122-600x900.jpg 600w, https:\/\/memoves.de\/wp-content\/uploads\/2024\/01\/MeMoves-122.jpg 1143w\" sizes=\"auto, (max-width: 768px) 100vw, 768px\" \/>                <div class=\"absolute top-0 left-0 w-full h-full pointer-events-none \"><\/div>\n              <\/div>   \n                          <\/div>\n             \n          <\/div>\n          \n      <\/div>\n      <div class=\"transition duration-300 ease-in-out sca swiper-button swiper-button-prev hover:scale-125 md:hover:scale-110 \"><svg width=\"307\" height=\"292\" viewBox=\"0 0 307 292\" fill=\"none\" xmlns=\"http:\/\/www.w3.org\/2000\/svg\"><path d=\"M0.484329 95.2061C-0.568853 97.1481 0.151632 99.5761 2.09357 100.629L33.7392 117.792C35.6812 118.845 38.1092 118.124 39.1624 116.183C40.2155 114.241 39.4951 111.813 37.5531 110.759L9.42364 95.5038L24.6792 67.3744C25.7324 65.4324 25.0119 63.0044 23.07 61.9512C21.1281 60.8981 18.7 61.6185 17.6469 63.5605L0.484329 95.2061ZM281.697 191.584C230.889 139.364 183.304 108.171 137.247 93.3611C91.1249 78.5302 46.8402 80.2286 2.86261 93.2783L5.13842 100.948C47.7967 88.2896 90.4187 86.7066 134.798 100.977C179.243 115.269 225.755 145.559 275.963 197.163L281.697 191.584Z\" fill=\"#7DC3DC\"\/><path d=\"M303.924 161.385C256.746 112.895 219.848 84.5129 169 73.6999\" stroke=\"#7DC3DC\" stroke-width=\"8\"\/><\/svg><\/div>\n      <div class=\"transition duration-300 ease-in-out swiper-button swiper-button-next hover:scale-125 md:hover:scale-110 \"><svg width=\"298\" height=\"283\" viewBox=\"0 0 298 283\" fill=\"none\" xmlns=\"http:\/\/www.w3.org\/2000\/svg\"><path d=\"M297.528 153.861C298.042 151.713 296.718 149.554 294.57 149.039L259.56 140.652C257.412 140.138 255.253 141.462 254.739 143.61C254.224 145.759 255.548 147.917 257.697 148.432L288.816 155.887L281.361 187.007C280.846 189.155 282.17 191.314 284.319 191.829C286.467 192.343 288.626 191.019 289.141 188.871L297.528 153.861ZM0.952722 133.551C63.5448 170.841 117.582 188.655 165.903 191.04C214.292 193.428 256.628 180.326 295.729 156.339L291.546 149.52C253.618 172.787 212.858 185.348 166.297 183.05C119.667 180.749 66.9008 163.528 5.04728 126.678L0.952722 133.551Z\" fill=\"#7DC3DC\"\/><path d=\"M16.8379 91.0849C74.9585 125.711 117.945 143.577 169.859 140.861\" stroke=\"#7DC3DC\" stroke-width=\"8\"\/><\/svg><\/div>\n    <\/div>\n  <\/div>\n<\/section>\n\n<section class=\"module-spacer bg-bg-grey dark:!bg-dark pt-7 md:pt-10 xl:pt-14\">\n<\/section>\n\n<section class=\"teaser-small-section bg-bg-grey text-text-black\">\n    <div class=\"dark:!bg-dark dark:!text-white\">\n        <div class=\"content max-w-screen-2lg px-xs mx-auto\">\n                        <div class=\"intro uppercase pb-5 typo-overline font-medium\">Vielfalt entdecken:<\/div>\n                        <h2 class=\"headline typo-h2 font-semibold\">Jedes Camp bietet neue Schwerpunkte <br>und spannende Erlebnisse!<\/br><\/h2>\n                    <\/div>\n                    <div class=\"max-w-screen-2lg  px-xs mx-auto py-md\">\n                <div class=\"grid gap-4 md:gap-9 gap-y-16 md:grid-cols-2 lg:grid-cols-3\">\n                    <div class=\"teaser-small-single\">\n                    <a href=\"https:\/\/memoves.de\/standorte\/\" target=\"\">\n                            <div class=\"mb-7 overflow-hidden teaser-small-single-image aspect-4\/3\"> <img loading=\"lazy\" decoding=\"async\" width=\"768\" height=\"359\" src=\"https:\/\/memoves.de\/wp-content\/uploads\/2023\/10\/map-768x359.png\" class=\"h-full w-full object-cover z-0 transform scale-105 transition duration-300\" alt=\"\" srcset=\"https:\/\/memoves.de\/wp-content\/uploads\/2023\/10\/map-768x359.png 768w, https:\/\/memoves.de\/wp-content\/uploads\/2023\/10\/map-600x281.png 600w, https:\/\/memoves.de\/wp-content\/uploads\/2023\/10\/map-300x140.png 300w, https:\/\/memoves.de\/wp-content\/uploads\/2023\/10\/map.png 774w\" sizes=\"auto, (max-width: 768px) 100vw, 768px\" \/>                <\/div> \n            <\/a>         <div class=\"content\">\n            <h3 class=\"typo-h4 w-full pb-4 font-bold uppercase\">Unsere Standorte<\/h3>\n                        <p class=\"typo-h3-regular w-full !pb-5 teaser-description\">W\u00e4hle deinen Stadtteil aus!\r\n<br>Nymphenburg, Obermenzing, Schwabing, Unterhaching und Westend<\/p>\n                    <a target=\"\" href=\"https:\/\/memoves.de\/standorte\/\" class=\"link-primary\">\n            Mehr erfahren        <\/a>\n        \n                        <\/div>\n    <\/div>\n    <div class=\"teaser-small-single\">\n                    <a href=\"https:\/\/memoves.de\/kursbuchung\/?product_tag=feriencamp\" target=\"\">\n                            <div class=\"mb-7 overflow-hidden teaser-small-single-image aspect-4\/3\"> <img loading=\"lazy\" decoding=\"async\" width=\"768\" height=\"512\" src=\"https:\/\/memoves.de\/wp-content\/uploads\/2024\/01\/memoves_2023_02-54-min-768x512.jpg\" class=\"h-full w-full object-cover z-0 transform scale-105 transition duration-300\" alt=\"\" srcset=\"https:\/\/memoves.de\/wp-content\/uploads\/2024\/01\/memoves_2023_02-54-min-768x512.jpg 768w, https:\/\/memoves.de\/wp-content\/uploads\/2024\/01\/memoves_2023_02-54-min-300x200.jpg 300w, https:\/\/memoves.de\/wp-content\/uploads\/2024\/01\/memoves_2023_02-54-min-1024x683.jpg 1024w, https:\/\/memoves.de\/wp-content\/uploads\/2024\/01\/memoves_2023_02-54-min-1536x1024.jpg 1536w, https:\/\/memoves.de\/wp-content\/uploads\/2024\/01\/memoves_2023_02-54-min-2048x1365.jpg 2048w, https:\/\/memoves.de\/wp-content\/uploads\/2024\/01\/memoves_2023_02-54-min-1900x1267.jpg 1900w, https:\/\/memoves.de\/wp-content\/uploads\/2024\/01\/memoves_2023_02-54-min-1240x827.jpg 1240w, https:\/\/memoves.de\/wp-content\/uploads\/2024\/01\/memoves_2023_02-54-min-600x400.jpg 600w\" sizes=\"auto, (max-width: 768px) 100vw, 768px\" \/>                <\/div> \n            <\/a>         <div class=\"content\">\n            <h3 class=\"typo-h4 w-full pb-4 font-bold uppercase\">Feriencamps<\/h3>\n                        <p class=\"typo-h3-regular w-full !pb-5 teaser-description\">Eine Woche lang Spa\u00df, Action, neue Freunde und dabei noch was gelernt?<\/p>\n                    <a target=\"\" href=\"https:\/\/memoves.de\/kursbuchung\/?product_tag=feriencamp\" class=\"link-primary\">\n            Mehr erfahren        <\/a>\n        \n                        <\/div>\n    <\/div>\n    <div class=\"teaser-small-single\">\n                    <a href=\"https:\/\/memoves.de\/weiterbildung-ziele-und-inhalte\/\" target=\"\">\n                            <div class=\"mb-7 overflow-hidden teaser-small-single-image aspect-4\/3\"> <img loading=\"lazy\" decoding=\"async\" width=\"768\" height=\"512\" src=\"https:\/\/memoves.de\/wp-content\/uploads\/2024\/01\/MeMoves-100-768x512.jpg\" class=\"h-full w-full object-cover z-0 transform scale-105 transition duration-300\" alt=\"\" srcset=\"https:\/\/memoves.de\/wp-content\/uploads\/2024\/01\/MeMoves-100-768x512.jpg 768w, https:\/\/memoves.de\/wp-content\/uploads\/2024\/01\/MeMoves-100-300x200.jpg 300w, https:\/\/memoves.de\/wp-content\/uploads\/2024\/01\/MeMoves-100-1024x683.jpg 1024w, https:\/\/memoves.de\/wp-content\/uploads\/2024\/01\/MeMoves-100-1536x1024.jpg 1536w, https:\/\/memoves.de\/wp-content\/uploads\/2024\/01\/MeMoves-100-2048x1365.jpg 2048w, https:\/\/memoves.de\/wp-content\/uploads\/2024\/01\/MeMoves-100-1900x1267.jpg 1900w, https:\/\/memoves.de\/wp-content\/uploads\/2024\/01\/MeMoves-100-1240x827.jpg 1240w, https:\/\/memoves.de\/wp-content\/uploads\/2024\/01\/MeMoves-100-600x400.jpg 600w\" sizes=\"auto, (max-width: 768px) 100vw, 768px\" \/>                <\/div> \n            <\/a>         <div class=\"content\">\n            <h3 class=\"typo-h4 w-full pb-4 font-bold uppercase\">Weiterbildung<\/h3>\n                        <p class=\"typo-h3-regular w-full !pb-5 teaser-description\">Optimale Konzeption von Kindertanzstunden, kreative Choreografie Gestaltung und gesundheitsf\u00f6rdernde Aspekte<\/p>\n                    <a target=\"\" href=\"https:\/\/memoves.de\/weiterbildung-ziele-und-inhalte\/\" class=\"link-primary\">\n            Mehr erfahren        <\/a>\n        \n                        <\/div>\n    <\/div>\n                <\/div>\n            <\/div>\n            <\/div>\n<\/section>\n\n<section class=\"module-spacer bg-bg-grey dark:!bg-dark pt-5 md:pt-7 xl:pt-10\">\n<\/section>\n\n<section class=\"map-section map-section--osm\">\n  <div class=\"map-box relative w-full aspect-16\/5\">\n          <div class=\"location-markers\" data-marker=\"https:\/\/memoves.de\/wp-content\/uploads\/2023\/11\/memoves-map-grau-1.png\">\n                  <div class=\"location\" id=\"menzinger-strau00dfe-14a-80638-mu00fcnchen-bayern-deutschland\" data-lat=\"48.161122\" data-lng=\"11.5118817\" data-address=\"Menzinger Strasse 14a, 80638 M\u00fcnchen \"><\/div>\n                  <div class=\"location\" id=\"amalienburgstrau00dfe-23-81247-mu00fcnchen-bayern-deutschland\" data-lat=\"48.1637653\" data-lng=\"11.4882296\" data-address=\"Amalienburgstra\u00dfe 23, 81247 M\u00fcnchen \"><\/div>\n                  <div class=\"location\" id=\"giselastrau00dfe-24-80802-mu00fcnchen-bayern-deutschland\" data-lat=\"48.1546689\" data-lng=\"11.5873916\" data-address=\"Giselastra\u00dfe 24, 80802 M\u00fcnchen \"><\/div>\n              <\/div>\n      <div id=\"map-69f258cc68a5d\" data-id=\"69f258cc68a5d\" class=\"w-full h-full map\">\n      <\/div>\n      <\/div>\n<\/section>","protected":false},"excerpt":{"rendered":"","protected":false},"author":2,"featured_media":0,"parent":0,"menu_order":0,"comment_status":"closed","ping_status":"closed","template":"","meta":{"_acf_changed":false,"footnotes":""},"class_list":["post-3343","page","type-page","status-publish","hentry"],"acf":[],"_links":{"self":[{"href":"https:\/\/memoves.de\/en\/wp-json\/wp\/v2\/pages\/3343","targetHints":{"allow":["GET"]}}],"collection":[{"href":"https:\/\/memoves.de\/en\/wp-json\/wp\/v2\/pages"}],"about":[{"href":"https:\/\/memoves.de\/en\/wp-json\/wp\/v2\/types\/page"}],"author":[{"embeddable":true,"href":"https:\/\/memoves.de\/en\/wp-json\/wp\/v2\/users\/2"}],"replies":[{"embeddable":true,"href":"https:\/\/memoves.de\/en\/wp-json\/wp\/v2\/comments?post=3343"}],"version-history":[{"count":12,"href":"https:\/\/memoves.de\/en\/wp-json\/wp\/v2\/pages\/3343\/revisions"}],"predecessor-version":[{"id":7600,"href":"https:\/\/memoves.de\/en\/wp-json\/wp\/v2\/pages\/3343\/revisions\/7600"}],"wp:attachment":[{"href":"https:\/\/memoves.de\/en\/wp-json\/wp\/v2\/media?parent=3343"}],"curies":[{"name":"wp","href":"https:\/\/api.w.org\/{rel}","templated":true}]}}